{"id":2,"date":"2023-07-15T18:37:25","date_gmt":"2023-07-15T16:37:25","guid":{"rendered":"https:\/\/camproof.eu\/?page_id=2"},"modified":"2023-07-15T18:37:25","modified_gmt":"2023-07-15T16:37:25","slug":"beispielseite","status":"publish","type":"page","link":"https:\/\/camproof.eu\/de\/beispielseite\/","title":{"rendered":"Przyk\u0142adowa strona"},"content":{"rendered":"<p>Beispielseite. Seiten unterscheiden sich von Blogbeitr\u00e4gen dadurch, dass sie nicht nur immer an einem Ort sind, sondern auch im Men\u00fc der Website erscheinen (in den meisten Themes). Die meisten Benutzer beginnen mit einer Seite mit Informationen \u00fcber sich selbst, die sie den Besuchern der Website vorstellen. Eine solche Seite k\u00f6nnte zum Beispiel folgenden Inhalt haben:<\/p>\n\n\n\n<blockquote class=\"wp-block-quote is-layout-flow wp-block-quote-is-layout-flow\"><p>Hallo, tags\u00fcber bin ich Fahrradkurier, nachts versuche ich mich als Schauspieler, und dies ist meine Website. Ich lebe in Krakau, habe einen wunderbaren Hund namens Reks und mag Pi\u00f1a Coladas (und Spazierg\u00e4nge, wenn es regnet).<\/p><\/blockquote>\n\n\n\n<p>...oder so \u00e4hnlich:<\/p>\n\n\n\n<blockquote class=\"wp-block-quote is-layout-flow wp-block-quote-is-layout-flow\"><p>XYZ Doohickey wurde 1971 gegr\u00fcndet und beliefert die \u00d6ffentlichkeit seither mit hochwertigen Produkten. XYZ hat seinen Sitz in Gotham City, besch\u00e4ftigt \u00fcber 2.000 Mitarbeiter und leistet Erstaunliches f\u00fcr die Gotham Community.<\/p><\/blockquote>\n\n\n\n<p>Als neuer WordPress-Benutzer sollten Sie zu <a href=\"https:\/\/camproof.eu\/wp-admin\/\">sein Cockpit<\/a> um diese Seite zu l\u00f6schen und eine neue Seite mit Ihrem eigenen Inhalt zu erstellen. Viel Spa\u00df!<\/p>","protected":false},"excerpt":{"rendered":"<p>Przyk\u0142adowa strona. Strony s\u0105 inne ni\u017c wpisy na blogu, poniewa\u017c nie tylko znajduj\u0105 si\u0119 zawsze w jednym miejscu, ale tak\u017ce pojawiaj\u0105 si\u0119 w menu witryny (w wi\u0119kszo\u015bci motyw\u00f3w). Wi\u0119kszo\u015b\u0107 u\u017cytkownik\u00f3w zaczyna od strony z informacjami o sobie, kt\u00f3ra zapozna ich przed odwiedzaj\u0105cymi witryn\u0119. Taka strona mo\u017ce zawiera\u0107 na przyk\u0142ad tak\u0105 tre\u015b\u0107: Cze\u015b\u0107! Za dnia jestem [&hellip;]<\/p>","protected":false},"author":1,"featured_media":0,"parent":0,"menu_order":0,"comment_status":"closed","ping_status":"open","template":"","meta":{"_acf_changed":false,"footnotes":""},"class_list":["post-2","page","type-page","status-publish","hentry"],"acf":[],"_links":{"self":[{"href":"https:\/\/camproof.eu\/de\/wp-json\/wp\/v2\/pages\/2","targetHints":{"allow":["GET"]}}],"collection":[{"href":"https:\/\/camproof.eu\/de\/wp-json\/wp\/v2\/pages"}],"about":[{"href":"https:\/\/camproof.eu\/de\/wp-json\/wp\/v2\/types\/page"}],"author":[{"embeddable":true,"href":"https:\/\/camproof.eu\/de\/wp-json\/wp\/v2\/users\/1"}],"replies":[{"embeddable":true,"href":"https:\/\/camproof.eu\/de\/wp-json\/wp\/v2\/comments?post=2"}],"version-history":[{"count":0,"href":"https:\/\/camproof.eu\/de\/wp-json\/wp\/v2\/pages\/2\/revisions"}],"wp:attachment":[{"href":"https:\/\/camproof.eu\/de\/wp-json\/wp\/v2\/media?parent=2"}],"curies":[{"name":"wp","href":"https:\/\/api.w.org\/{rel}","templated":true}]}}