{"id":88,"date":"2023-07-28T19:09:29","date_gmt":"2023-07-28T17:09:29","guid":{"rendered":"https:\/\/camproof.eu\/?page_id=88"},"modified":"2023-07-28T19:18:01","modified_gmt":"2023-07-28T17:18:01","slug":"beartas-priobhaideachais","status":"publish","type":"page","link":"https:\/\/camproof.eu\/ie\/beartas-priobhaideachais\/","title":{"rendered":"Beartas Pr\u00edobh\u00e1ideachais"},"content":{"rendered":"<h2 class=\"wp-block-heading\">Eolas ginear\u00e1lta<\/h2>\n\n\n\n<ul class=\"wp-block-list\">\n<li>Baineann an polasa\u00ed seo leis an L\u00e1ithre\u00e1n Gr\u00e9as\u00e1in, ag feidhmi\u00fa faoin url:&nbsp;<strong><a href=\"https:\/\/camproof.eu\/ie\/\" data-type=\"URL\" data-id=\"https:\/\/camproof.eu\/\">https:\/\/camproof.eu\/<\/a><\/strong><\/li>\n\n\n\n<li><strong>\u200d<\/strong>Is \u00e9 an t-oibreoir seirbh\u00edse agus an riarth\u00f3ir sonra\u00ed pearsanta: <strong>\"CAMP-ROOF\"<\/strong>&nbsp;Przemys\u0142aw Piotrowski, ul. \u017burawia 40, 11-036 Naglady, NIP: 7422078353<\/li>\n\n\n\n<li>Seoladh r\u00edomhphoist teagmh\u00e1la an oibreora:&nbsp;<a href=\"mailto:kontakt@camproof.eu\" data-type=\"mailto\" data-id=\"mailto:kontakt@camproof.eu\">kontakt@camproof.eu<\/a><\/li>\n\n\n\n<li>Is \u00e9 an tOibreoir an Riarth\u00f3ir ar do shonra\u00ed pearsanta maidir leis na sonra\u00ed a shol\u00e1thra\u00edonn t\u00fa go deonach ar an L\u00e1ithre\u00e1n Gr\u00e9as\u00e1in.<\/li>\n<\/ul>\n\n\n\n<p>\u00das\u00e1ideann an tSeirbh\u00eds sonra\u00ed pearsanta chun na cr\u00edocha seo a leanas:<\/p>\n\n\n\n<ul class=\"wp-block-list\">\n<li>D\u00e9ile\u00e1il le fiosr\u00fach\u00e1in tr\u00edd an bhfoirm<\/li>\n\n\n\n<li>Sol\u00e1thar na seirbh\u00eds\u00ed a iarrtar<\/li>\n\n\n\n<li>Tairiscint n\u00f3 faisn\u00e9is a chur i l\u00e1thair<\/li>\n\n\n\n<li>Ag d\u00e9anamh comhr\u00e1 ar l\u00edne<\/li>\n\n\n\n<li>Nuachtlitir a rith<\/li>\n<\/ul>\n\n\n\n<p>Comhl\u00edonann an tseirbh\u00eds feidhmeanna chun faisn\u00e9is a fh\u00e1il faoi \u00fas\u00e1ideoir\u00ed agus faoina n-iompra\u00edocht ar na beala\u00ed seo a leanas:<\/p>\n\n\n\n<ul class=\"wp-block-list\">\n<li>Tr\u00ed na sonra\u00ed a chuirtear isteach go deonach sna foirmeacha, a chuirtear isteach i gc\u00f3rais an Oibreora.<\/li>\n\n\n\n<li>Tr\u00ed fian\u00e1in a st\u00f3r\u00e1il (\"fian\u00e1in\" mar a thugtar orthu) ar fheist\u00ed deiridh.<\/li>\n<\/ul>\n\n\n\n<h3 class=\"wp-block-heading\">Modhanna roghnaithe cosanta sonra\u00ed a \u00fas\u00e1ideann an tOibreoir<\/h3>\n\n\n\n<p>T\u00e1 na su\u00edomhanna log\u00e1il isteach agus sonra\u00ed pearsanta cosanta sa chiseal tarchuir (teastas SSL). Cinnt\u00edonn s\u00e9 seo go bhfuil na sonra\u00ed pearsanta agus log\u00e1il isteach ar an su\u00edomh criptithe ar r\u00edomhaire an \u00fas\u00e1ideora agus nach f\u00e9idir a l\u00e9amh ach amh\u00e1in ar an bhfreastala\u00ed sprice. Athra\u00edonn an tOibreoir a phasfhocail riarach\u00e1in go tr\u00e9imhsi\u00fail. Chun na sonra\u00ed a chosaint, d\u00e9anann an tOibreoir c\u00f3ipeanna sl\u00e1nd\u00e1la rialta. Gn\u00e9 th\u00e1bhachtach de chosaint sonra\u00ed is ea nuashonr\u00fa rialta na mbogearra\u00ed go l\u00e9ir a \u00fas\u00e1ideann an tOibreoir chun sonra\u00ed pearsanta a phr\u00f3ise\u00e1il, rud a chialla\u00edonn go h\u00e1irithe nuashonruithe rialta ar chomhph\u00e1irteanna bogearra\u00ed.<\/p>\n\n\n\n<h3 class=\"wp-block-heading\">Do chearta agus faisn\u00e9is bhreise faoin gcaoi a n-\u00fas\u00e1idfear do shonra\u00ed<\/h3>\n\n\n\n<p>I gc\u00e1sanna \u00e1irithe, t\u00e1 an ceart ag an Riarth\u00f3ir do shonra\u00ed pearsanta a aistri\u00fa chuig faighteoir\u00ed eile m\u00e1s g\u00e1 sin chun conradh a tugadh i gcr\u00edch leat a chomhl\u00edonadh n\u00f3 chun na hoibleag\u00e1id\u00ed at\u00e1 ar an Riarth\u00f3ir a chomhl\u00edonadh. Baineann s\u00e9 seo le gr\u00fapa\u00ed faighteoir\u00ed den s\u00f3rt sin:<\/p>\n\n\n\n<ul class=\"wp-block-list\">\n<li>cuideachta \u00f3st\u00e1la ar bhonn tarmligthe<\/li>\n\n\n\n<li>fostaithe \u00fadaraithe agus comhlaigh a \u00fas\u00e1ideann na sonra\u00ed chun cusp\u00f3ir an tsu\u00edmh Ghr\u00e9as\u00e1in a chomhl\u00edonadh<\/li>\n<\/ul>\n\n\n\n<p>Do shonra\u00ed pearsanta a phr\u00f3ise\u00e1lann an Riarth\u00f3ir ar feadh tr\u00e9imhse nach faide n\u00e1 mar is g\u00e1 chun na gn\u00edomha\u00edochta\u00ed gaolmhara a shain\u00edtear i rialach\u00e1in ar leith a chomhl\u00edonadh (m.sh. maidir le cuntasa\u00edocht). Maidir le sonra\u00ed marga\u00edochta, n\u00ed dh\u00e9anfar sonra\u00ed a phr\u00f3ise\u00e1il ar feadh n\u00edos faide n\u00e1 3 bliana.<\/p>\n\n\n\n<p>T\u00e1 s\u00e9 de cheart agat iarraidh ar an Riarth\u00f3ir:<\/p>\n\n\n\n<ul class=\"wp-block-list\">\n<li>rochtain ar shonra\u00ed pearsanta a bhaineann leat,<\/li>\n\n\n\n<li>a gceart\u00fa,<\/li>\n\n\n\n<li>scriosta,<\/li>\n\n\n\n<li>teorann\u00fa ar phr\u00f3ise\u00e1il,<\/li>\n\n\n\n<li>agus inaistritheacht sonra\u00ed.<\/li>\n<\/ul>\n\n\n\n<p>T\u00e1 an ceart agat ag\u00f3id a dh\u00e9anamh i gcoinne na pr\u00f3ise\u00e1la a l\u00e9ir\u00edtear i 3.3 c) do shonra\u00ed pearsanta a phr\u00f3ise\u00e1il chun cr\u00edocha na leasanna dlisteanacha at\u00e1 \u00e1 saothr\u00fa ag an gCeannasa\u00ed, lena n-\u00e1ir\u00edtear pr\u00f3if\u00edli\u00fa, agus n\u00edl an ceart ag\u00f3ide infheidhmithe i gc\u00e1s ina bhfuil forais dhlisteanacha bail\u00ed ann. don phr\u00f3ise\u00e1il a sh\u00e1ra\u00edonn do leasanna, do chearta agus do shaoirs\u00ed, go h\u00e1irithe chun \u00e9ileamh a bhun\u00fa, a dhearbh\u00fa n\u00f3 a chosaint.<\/p>\n\n\n\n<p>F\u00e9adfar gear\u00e1n a dh\u00e9anamh faoi ghn\u00edomhartha an Riarth\u00f3ra le hUachtar\u00e1n na hOifige um Chosaint Sonra\u00ed Pearsanta, ul. Stawki 2, 00-193 V\u00e1rs\u00e1.<\/p>\n\n\n\n<p>T\u00e1 sol\u00e1thar sonra\u00ed pearsanta deonach, ach t\u00e1 s\u00e9 riachtanach chun an tSeirbh\u00eds a oibri\u00fa.<\/p>\n\n\n\n<p>F\u00e9adfar cinnteoireacht uathoibrithe, lena n-\u00e1ir\u00edtear pr\u00f3if\u00edli\u00fa, a dh\u00e9anamh maidir leat chun cr\u00edocha seirbh\u00eds\u00ed a shol\u00e1thar faoin gconradh a tugadh i gcr\u00edch agus chun cr\u00edche marga\u00edochta d\u00edr\u00ed ag an Riarth\u00f3ir.<\/p>\n\n\n\n<p>N\u00ed aistr\u00edtear sonra\u00ed pearsanta \u00f3 thr\u00ed\u00fa t\u00edortha de r\u00e9ir bhr\u00ed na reachta\u00edochta um chosaint sonra\u00ed. Cialla\u00edonn s\u00e9 seo nach gcuirimid lasmuigh den Aontas Eorpach iad.<\/p>\n\n\n\n<h3 class=\"wp-block-heading\">Eolas sna foirmeacha<\/h3>\n\n\n\n<p>Bail\u00edonn an tseirbh\u00eds faisn\u00e9is arna sol\u00e1thar go deonach ag an \u00fas\u00e1ideoir, lena n-\u00e1ir\u00edtear sonra\u00ed pearsanta m\u00e1 chuirtear ar f\u00e1il iad. F\u00e9adfaidh an tseirbh\u00eds faisn\u00e9is a thaifeadadh faoi na paraim\u00e9adair naisc (stampa ama, seoladh IP). F\u00e9adfaidh an tseirbh\u00eds, i gc\u00e1sanna \u00e1irithe, faisn\u00e9is a thaifeadadh chun nascadh na sonra\u00ed san fhoirm le seoladh r\u00edomhphoist an \u00fas\u00e1ideora a chomhl\u00e1na\u00edonn an fhoirm a \u00e9asc\u00fa. Sa ch\u00e1s seo, t\u00e1 seoladh r\u00edomhphoist an \u00fas\u00e1ideora le feice\u00e1il taobh istigh den url den leathanach ina bhfuil an fhoirm. D\u00e9antar na sonra\u00ed a chuirtear ar f\u00e1il san fhoirm a phr\u00f3ise\u00e1il chun na cr\u00edche a eascra\u00edonn as feidhm na foirme ar leith, e.g. chun cr\u00edocha iarratas ar sheirbh\u00eds n\u00f3 teagmh\u00e1il tr\u00e1cht\u00e1la a phr\u00f3ise\u00e1il, seirbh\u00eds\u00ed a chl\u00e1r\u00fa, etc. I ngach c\u00e1s, l\u00e9ir\u00edonn comhth\u00e9acs agus tuairisc na foirme go soil\u00e9ir cad chuige a n-\u00fas\u00e1idtear \u00ed.<\/p>\n\n\n\n<h3 class=\"wp-block-heading\">Logs riarth\u00f3ir\u00ed<\/h3>\n\n\n\n<p>F\u00e9adfaidh faisn\u00e9is faoi iompar \u00fas\u00e1ideoir\u00ed ar an su\u00edomh Gr\u00e9as\u00e1in a bheith faoi r\u00e9ir log\u00e1il. \u00das\u00e1idtear na sonra\u00ed seo chun an su\u00edomh Gr\u00e9as\u00e1in a riar.<\/p>\n\n\n\n<h3 class=\"wp-block-heading\">Teicn\u00edc\u00ed marga\u00edochta riachtanacha<\/h3>\n\n\n\n<p>\u00das\u00e1ideann an t-oibreoir anail\u00eds staitisti\u00fail ar thr\u00e1cht an tsu\u00edmh Ghr\u00e9as\u00e1in tr\u00ed Google Analytics (Google Inc., at\u00e1 bunaithe i SAM). N\u00ed tharchuireann an t-oibreoir sonra\u00ed pearsanta chuig oibreoir na seirbh\u00edse seo, ach faisn\u00e9is gan ainm. T\u00e1 an tseirbh\u00eds bunaithe ar \u00fas\u00e1id fian\u00e1in ar ghl\u00e9as teirmin\u00e9il an \u00fas\u00e1ideora. Maidir leis an bhfaisn\u00e9is ar shainroghanna \u00fas\u00e1ideoir\u00ed arna mbaili\u00fa ag l\u00edonra f\u00f3gra\u00edochta Google, is f\u00e9idir leis an \u00fas\u00e1ideoir an fhaisn\u00e9is a eascra\u00edonn as fian\u00e1in a fheice\u00e1il agus a chur in eagar ag baint \u00fas\u00e1ide as an uirlis seo a leanas: https:\/\/www.google.com\/ads\/preferences\/.<br>\u200d<br>\u00das\u00e1ideann an tOibreoir teicn\u00edc\u00ed athmharga\u00edochta chun teachtaireachta\u00ed f\u00f3gra\u00edochta a mheaitse\u00e1il le hiompar an \u00fas\u00e1ideora ar an su\u00edomh Gr\u00e9as\u00e1in, rud a d\u2019fh\u00e9adfadh a thabhairt le fios go bhfuil sonra\u00ed pearsanta an \u00fas\u00e1ideora \u00e1 n-\u00fas\u00e1id chun an t-\u00fas\u00e1ideoir a rian\u00fa, ach go praitici\u00fail n\u00ed aistr\u00edtear aon sonra\u00ed pearsanta \u00f3n Oibreoir chuig na hoibreoir\u00ed f\u00f3gra\u00edochta. . R\u00e9amhriachtanas teicneola\u00edochta do ghn\u00edomha\u00edochta\u00ed den s\u00f3rt sin is ea fian\u00e1in a chumas\u00fa. \u00das\u00e1ideann an tOibreoir picteil\u00edn Facebook. Cialla\u00edonn an teicneola\u00edocht seo go bhfuil a fhios ag Facebook (Facebook Inc., SAM) go bhfuil duine at\u00e1 cl\u00e1raithe leis ag baint \u00fas\u00e1ide as an L\u00e1ithre\u00e1n Gr\u00e9as\u00e1in. N\u00ed aistr\u00edonn an tOibreoir aon sonra\u00ed pearsanta breise chuig Facebook. T\u00e1 an tseirbh\u00eds bunaithe ar \u00fas\u00e1id fian\u00e1in ar ghl\u00e9as teirmin\u00e9il an \u00fas\u00e1ideora.<\/p>\n\n\n\n<h3 class=\"wp-block-heading\">Eolas ar fhian\u00e1in<\/h3>\n\n\n\n<p>\u00das\u00e1ideann an L\u00e1ithre\u00e1n Gr\u00e9as\u00e1in fian\u00e1in. Is sonra\u00ed TF iad fian\u00e1in (ar a dtugtar \"fian\u00e1in\"), go h\u00e1irithe comhaid t\u00e9acs, a st\u00f3r\u00e1iltear i dtrealamh teirmin\u00e9il an \u00das\u00e1ideora Seirbh\u00edse agus at\u00e1 beartaithe lena n-\u00fas\u00e1id ar an L\u00e1ithre\u00e1n Gr\u00e9as\u00e1in. De ghn\u00e1th b\u00edonn ainm an tsu\u00edmh Ghr\u00e9as\u00e1in \u00f3na dtionscna\u00edonn siad, an t-am st\u00f3r\u00e1la ar an trealamh teirmin\u00e9il agus uimhir uath\u00fail i bhfian\u00e1in. Is \u00e9 oibreoir na Seirbh\u00edse an t-eintiteas a chuireann fian\u00e1in ar threalamh teirmin\u00e9il \u00das\u00e1ideoir Seirbh\u00edse agus a fhaigheann rochtain orthu.<\/p>\n\n\n\n<p>\u00das\u00e1idtear fian\u00e1in chun na cr\u00edocha seo a leanas:<\/p>\n\n\n\n<ul class=\"wp-block-list\">\n<li>seisi\u00fan d'\u00fas\u00e1ideoir an tSu\u00edmh Ghr\u00e9as\u00e1in a chothabh\u00e1il (tar \u00e9is log\u00e1il isteach), a bhu\u00edochas sin nach g\u00e1 don \u00fas\u00e1ideoir a (h) log\u00e1il isteach agus a phasfhocal a chur isteach ar\u00eds ar gach fo-leathanach den L\u00e1ithre\u00e1n Gr\u00e9as\u00e1in;<\/li>\n\n\n\n<li>na cusp\u00f3ir\u00ed at\u00e1 leagtha amach thuas faoi 'Teicn\u00edc\u00ed marga\u00edochta riachtanacha' a bhaint amach;<\/li>\n<\/ul>\n\n\n\n<p>\u00das\u00e1ideann an Su\u00edomh Gr\u00e9as\u00e1in dh\u00e1 phr\u00edomhchine\u00e1l fian\u00e1n: \"seisi\u00fan\" (fian\u00e1in seisi\u00fain) agus \"buan\" (fian\u00e1in mharthanacha). Is comhaid shealadacha iad fian\u00e1in \u201cseisi\u00fain\u201d a st\u00f3r\u00e1iltear ar threalamh teirmin\u00e9il an \u00das\u00e1ideora go dt\u00ed go n-log\u00e1lann siad as, go bhf\u00e1gann siad an su\u00edomh Gr\u00e9as\u00e1in n\u00f3 go m\u00fachfaidh siad na bogearra\u00ed (brabhs\u00e1la\u00ed gr\u00e9as\u00e1in). St\u00f3r\u00e1iltear fian\u00e1in \"mharthanacha\" ar threalamh teirmin\u00e9il an \u00das\u00e1ideora ar feadh an ama a shonra\u00edtear i bparaim\u00e9adar na bhfian\u00e1n n\u00f3 go dt\u00ed go scriosann an \u00das\u00e1ideoir iad.<br>\u200d<br>De ghn\u00e1th ligeann bogearra\u00ed brabhs\u00e1la gr\u00e9as\u00e1in (brabhs\u00e1la\u00ed gr\u00e9as\u00e1in) fian\u00e1in a st\u00f3r\u00e1il ar ghl\u00e9as teirmin\u00e9il an \u00das\u00e1ideora de r\u00e9ir r\u00e9amhshocraithe. F\u00e9adfaidh \u00fas\u00e1ideoir\u00ed an tSu\u00edmh Ghr\u00e9as\u00e1in a gcuid socruithe a athr\u00fa ina leith seo. Ligeann do bhrabhs\u00e1la\u00ed gr\u00e9as\u00e1in duit fian\u00e1in a scriosadh. Is f\u00e9idir freisin fian\u00e1in a bhloc\u00e1il go huathoibr\u00edoch. D\u00e9an tagairt le do thoil don chabhair n\u00f3 do dhoicim\u00e9ad\u00fa do bhrabhs\u00e1la\u00ed Idirl\u00edn le haghaidh sonra\u00ed.<br><br>D\u2019fh\u00e9adfadh go gcuirfeadh srianta ar \u00fas\u00e1id fian\u00e1in isteach ar chuid de na feidhmi\u00falachta\u00ed at\u00e1 ar f\u00e1il ar an L\u00e1ithre\u00e1n Gr\u00e9as\u00e1in. F\u00e9adfaidh eintitis a chomhoibr\u00edonn leis an Oibreoir Seirbh\u00edse fian\u00e1in a \u00fas\u00e1id freisin, go h\u00e1irithe cuideachta\u00ed: Google (Google Inc. at\u00e1 bunaithe i SAM), Facebook (Facebook Inc. at\u00e1 bunaithe i SAM), Twitter (Twitter Inc. bunaithe i SAM).<\/p>\n\n\n\n<p>\u200d<\/p>\n\n\n\n<h3 class=\"wp-block-heading\">Bainist\u00edocht fian\u00e1n<\/h3>\n\n\n\n<p>Mura mian leat fian\u00e1in a fh\u00e1il, is f\u00e9idir leat socruithe do bhrabhs\u00e1la\u00ed a athr\u00fa. Tabhair faoi deara le do thoil go bhf\u00e9adfadh s\u00e9 a bheith deacair, agus i gc\u00e1sanna tromch\u00faiseacha go bhf\u00e9adfadh s\u00e9 go mbeadh s\u00e9 dodh\u00e9anta, na l\u00e1ithre\u00e1in ghr\u00e9as\u00e1in a \u00fas\u00e1id m\u00e1 dh\u00edchumasa\u00edtear fian\u00e1in at\u00e1 riachtanach do phr\u00f3isis f\u00edordheimhnithe, sl\u00e1nd\u00e1la, agus sainroghanna \u00fas\u00e1ideoir\u00ed a choinne\u00e1il.<\/p>\n\n\n\n<p>Chun do shocruithe fian\u00e1n a bhainisti\u00fa, roghnaigh an brabhs\u00e1la\u00ed gr\u00e9as\u00e1in at\u00e1 in \u00fas\u00e1id agat \u00f3n liosta th\u00edos agus lean na treoracha:<\/p>\n\n\n\n<ul class=\"wp-block-list\">\n<li><a href=\"https:\/\/support.microsoft.com\/pl-pl\/microsoft-edge\/wy%C5%9Bwietlanie-i-usuwanie-historii-przegl%C4%85darki-w-programie-microsoft-edge-00cf7943-a9e1-975a-a33d-ac10ce454ca4\" target=\"_blank\" rel=\"noopener\">Edge<\/a><\/li>\n\n\n\n<li><a href=\"https:\/\/support.microsoft.com\/pl-pl\/topic\/jak-usun%C4%85%C4%87-pliki-cookie-w-programie-internet-explorer-bca9446f-d873-78de-77ba-d42645fa52fc\" target=\"_blank\" rel=\"noopener\">Internet Explorer<\/a><\/li>\n\n\n\n<li><a href=\"https:\/\/support.google.com\/chrome\/answer\/95647?hl=pl\" target=\"_blank\" rel=\"noopener\">Chrome<\/a><\/li>\n\n\n\n<li><a href=\"https:\/\/support.apple.com\/pl-pl\/guide\/safari\/sfri11471\/mac\" target=\"_blank\" rel=\"noopener\">Safari<\/a><\/li>\n\n\n\n<li><a href=\"https:\/\/help.opera.com\/pl\/latest\/web-preferences\/#cookies\" target=\"_blank\" rel=\"noopener\">Opera<\/a><\/li>\n\n\n\n<li><a href=\"https:\/\/support.mozilla.org\/pl\/kb\/wzmocniona-ochrona-przed-sledzeniem-firefox-desktop?redirectslug=W%C5%82%C4%85czanie+i+wy%C5%82%C4%85czanie+obs%C5%82ugi+ciasteczek&amp;redirectlocale=pl\" target=\"_blank\" rel=\"noopener\">Firefox<\/a><\/li>\n<\/ul>\n\n\n\n<p>Gl\u00e9asanna m\u00f3ib\u00edleacha:<\/p>\n\n\n\n<ul class=\"wp-block-list\">\n<li><a href=\"https:\/\/support.google.com\/chrome\/answer\/95647?hl=pl\" target=\"_blank\" rel=\"noopener\">Android<\/a><\/li>\n\n\n\n<li><a href=\"https:\/\/support.apple.com\/pl-pl\/HT201265\" target=\"_blank\" rel=\"noopener\">Safari (iOS)<\/a><\/li>\n\n\n\n<li><a href=\"https:\/\/support.microsoft.com\/pl-pl\/windows\/windows-phone-7-3ebc303c-59c0-d367-3995-f258b184fabb\" target=\"_blank\" rel=\"noopener\">Windows Phone<\/a><\/li>\n<\/ul>","protected":false},"excerpt":{"rendered":"<p>Informacje og\u00f3lne Serwis wykorzystuje dane osobowe w nast\u0119puj\u0105cych celach: Serwis realizuje funkcje pozyskiwania informacji o u\u017cytkownikach i ich zachowaniu w nast\u0119puj\u0105cy spos\u00f3b: Wybrane metody ochrony danych stosowane przez Operatora Miejsca logowania i wprowadzania danych osobowych s\u0105 chronione w warstwie transmisji (certyfikat SSL). Dzi\u0119ki temu dane osobowe i dane logowania, wprowadzone na stronie, zostaj\u0105 zaszyfrowane w [&hellip;]<\/p>","protected":false},"author":1,"featured_media":0,"parent":0,"menu_order":0,"comment_status":"closed","ping_status":"closed","template":"","meta":{"_acf_changed":false,"footnotes":""},"class_list":["post-88","page","type-page","status-publish","hentry"],"acf":[],"_links":{"self":[{"href":"https:\/\/camproof.eu\/ie\/wp-json\/wp\/v2\/pages\/88","targetHints":{"allow":["GET"]}}],"collection":[{"href":"https:\/\/camproof.eu\/ie\/wp-json\/wp\/v2\/pages"}],"about":[{"href":"https:\/\/camproof.eu\/ie\/wp-json\/wp\/v2\/types\/page"}],"author":[{"embeddable":true,"href":"https:\/\/camproof.eu\/ie\/wp-json\/wp\/v2\/users\/1"}],"replies":[{"embeddable":true,"href":"https:\/\/camproof.eu\/ie\/wp-json\/wp\/v2\/comments?post=88"}],"version-history":[{"count":4,"href":"https:\/\/camproof.eu\/ie\/wp-json\/wp\/v2\/pages\/88\/revisions"}],"predecessor-version":[{"id":94,"href":"https:\/\/camproof.eu\/ie\/wp-json\/wp\/v2\/pages\/88\/revisions\/94"}],"wp:attachment":[{"href":"https:\/\/camproof.eu\/ie\/wp-json\/wp\/v2\/media?parent=88"}],"curies":[{"name":"wp","href":"https:\/\/api.w.org\/{rel}","templated":true}]}}