{"id":2,"date":"2023-07-15T18:37:25","date_gmt":"2023-07-15T16:37:25","guid":{"rendered":"https:\/\/camproof.eu\/?page_id=2"},"modified":"2023-07-15T18:37:25","modified_gmt":"2023-07-15T16:37:25","slug":"voorbeeldpagina","status":"publish","type":"page","link":"https:\/\/camproof.eu\/nl\/voorbeeldpagina\/","title":{"rendered":"Przyk\u0142adowa strona"},"content":{"rendered":"<p>Voorbeeldpagina. Pagina's verschillen van blogberichten omdat ze niet alleen altijd op \u00e9\u00e9n plaats staan, maar ook in het menu van de site verschijnen (in de meeste thema's). De meeste gebruikers beginnen met een pagina met informatie over zichzelf, die hen voorstelt aan de bezoekers van de site. Zo'n pagina kan bijvoorbeeld het volgende bevatten:<\/p>\n\n\n\n<blockquote class=\"wp-block-quote is-layout-flow wp-block-quote-is-layout-flow\"><p>Hallo, overdag ben ik fietskoerier, 's avonds probeer ik te acteren en dit is mijn website. Ik woon in Krakau, ik heb een geweldige hond die Reks heet en ik hou van pi\u00f1a colada's (en wandelen als het regent).<\/p><\/blockquote>\n\n\n\n<p>...of zoiets:<\/p>\n\n\n\n<blockquote class=\"wp-block-quote is-layout-flow wp-block-quote-is-layout-flow\"><p>XYZ Doohickey werd opgericht in 1971 en voorziet het publiek sindsdien van kwaliteitsgoederen. XYZ is gevestigd in Gotham City, heeft meer dan 2000 mensen in dienst en doet geweldige dingen voor de Gotham-gemeenschap.<\/p><\/blockquote>\n\n\n\n<p>Als nieuwe WordPress gebruiker moet je naar <a href=\"https:\/\/camproof.eu\/wp-admin\/\">zijn cockpit<\/a> om deze pagina te verwijderen en een nieuwe te maken met je eigen inhoud. Veel plezier!<\/p>","protected":false},"excerpt":{"rendered":"<p>Przyk\u0142adowa strona. Strony s\u0105 inne ni\u017c wpisy na blogu, poniewa\u017c nie tylko znajduj\u0105 si\u0119 zawsze w jednym miejscu, ale tak\u017ce pojawiaj\u0105 si\u0119 w menu witryny (w wi\u0119kszo\u015bci motyw\u00f3w). Wi\u0119kszo\u015b\u0107 u\u017cytkownik\u00f3w zaczyna od strony z informacjami o sobie, kt\u00f3ra zapozna ich przed odwiedzaj\u0105cymi witryn\u0119. Taka strona mo\u017ce zawiera\u0107 na przyk\u0142ad tak\u0105 tre\u015b\u0107: Cze\u015b\u0107! Za dnia jestem [&hellip;]<\/p>","protected":false},"author":1,"featured_media":0,"parent":0,"menu_order":0,"comment_status":"closed","ping_status":"open","template":"","meta":{"_acf_changed":false,"footnotes":""},"class_list":["post-2","page","type-page","status-publish","hentry"],"acf":[],"_links":{"self":[{"href":"https:\/\/camproof.eu\/nl\/wp-json\/wp\/v2\/pages\/2","targetHints":{"allow":["GET"]}}],"collection":[{"href":"https:\/\/camproof.eu\/nl\/wp-json\/wp\/v2\/pages"}],"about":[{"href":"https:\/\/camproof.eu\/nl\/wp-json\/wp\/v2\/types\/page"}],"author":[{"embeddable":true,"href":"https:\/\/camproof.eu\/nl\/wp-json\/wp\/v2\/users\/1"}],"replies":[{"embeddable":true,"href":"https:\/\/camproof.eu\/nl\/wp-json\/wp\/v2\/comments?post=2"}],"version-history":[{"count":0,"href":"https:\/\/camproof.eu\/nl\/wp-json\/wp\/v2\/pages\/2\/revisions"}],"wp:attachment":[{"href":"https:\/\/camproof.eu\/nl\/wp-json\/wp\/v2\/media?parent=2"}],"curies":[{"name":"wp","href":"https:\/\/api.w.org\/{rel}","templated":true}]}}